{"id":168,"date":"2025-07-18T14:46:17","date_gmt":"2025-07-18T12:46:17","guid":{"rendered":"https:\/\/zielsprankel.nl\/?page_id=168"},"modified":"2025-12-15T15:04:39","modified_gmt":"2025-12-15T13:04:39","slug":"werkwijze-en-technieken","status":"publish","type":"page","link":"https:\/\/zielsprankel.nl\/index.php\/werkwijze-en-technieken\/","title":{"rendered":"Werkwijze en Technieken"},"content":{"rendered":"\n<figure data-wp-context=\"{&quot;imageId&quot;:&quot;69f75563dffd3&quot;}\" data-wp-interactive=\"core\/image\" data-wp-key=\"69f75563dffd3\" class=\"wp-block-image alignfull size-full wp-lightbox-container\"><img loading=\"lazy\" decoding=\"async\" width=\"2560\" height=\"1536\" data-wp-class--hide=\"state.isContentHidden\" data-wp-class--show=\"state.isContentVisible\" data-wp-init=\"callbacks.setButtonStyles\" data-wp-on--click=\"actions.showLightbox\" data-wp-on--load=\"callbacks.setButtonStyles\" data-wp-on-window--resize=\"callbacks.setButtonStyles\" src=\"https:\/\/zielsprankel.nl\/wp-content\/uploads\/2025\/11\/werkvormen-en-technieken-scaled.jpg\" alt=\"\" class=\"wp-image-635\" srcset=\"https:\/\/zielsprankel.nl\/wp-content\/uploads\/2025\/11\/werkvormen-en-technieken-scaled.jpg 2560w, https:\/\/zielsprankel.nl\/wp-content\/uploads\/2025\/11\/werkvormen-en-technieken-300x180.jpg 300w, https:\/\/zielsprankel.nl\/wp-content\/uploads\/2025\/11\/werkvormen-en-technieken-1024x614.jpg 1024w, https:\/\/zielsprankel.nl\/wp-content\/uploads\/2025\/11\/werkvormen-en-technieken-768x461.jpg 768w, https:\/\/zielsprankel.nl\/wp-content\/uploads\/2025\/11\/werkvormen-en-technieken-1536x922.jpg 1536w, https:\/\/zielsprankel.nl\/wp-content\/uploads\/2025\/11\/werkvormen-en-technieken-2048x1229.jpg 2048w\" sizes=\"auto, (max-width: 2560px) 100vw, 2560px\" \/><button\n\t\t\tclass=\"lightbox-trigger\"\n\t\t\ttype=\"button\"\n\t\t\taria-haspopup=\"dialog\"\n\t\t\taria-label=\"Vergroten\"\n\t\t\tdata-wp-init=\"callbacks.initTriggerButton\"\n\t\t\tdata-wp-on--click=\"actions.showLightbox\"\n\t\t\tdata-wp-style--right=\"state.imageButtonRight\"\n\t\t\tdata-wp-style--top=\"state.imageButtonTop\"\n\t\t>\n\t\t\t<svg xmlns=\"http:\/\/www.w3.org\/2000\/svg\" width=\"12\" height=\"12\" fill=\"none\" viewBox=\"0 0 12 12\">\n\t\t\t\t<path fill=\"#fff\" d=\"M2 0a2 2 0 0 0-2 2v2h1.5V2a.5.5 0 0 1 .5-.5h2V0H2Zm2 10.5H2a.5.5 0 0 1-.5-.5V8H0v2a2 2 0 0 0 2 2h2v-1.5ZM8 12v-1.5h2a.5.5 0 0 0 .5-.5V8H12v2a2 2 0 0 1-2 2H8Zm2-12a2 2 0 0 1 2 2v2h-1.5V2a.5.5 0 0 0-.5-.5H8V0h2Z\" \/>\n\t\t\t<\/svg>\n\t\t<\/button><\/figure>\n\n\n\n<div style=\"height:50px\" aria-hidden=\"true\" class=\"wp-block-spacer\"><\/div>\n\n\n\n<h2 class=\"wp-block-heading has-custom-detail-2-color has-text-color has-link-color wp-elements-971ec125e8191b30f2ec928313046b5a\">Mijn aanpak is diepgaand, intu\u00eftief en afgestemd op jouw persoonlijke situatie. Het medicijnwiel vormt hierbij een belangrijk kompas: een levenswiel dat je uitnodigt om in contact te komen met je eigen natuur en innerlijke wijsheid. Vanuit dit fundament maak ik gebruik van verschillende methoden en technieken, afgestemd op wat jij nodig hebt.<\/h2>\n\n\n\n<div style=\"height:50px\" aria-hidden=\"true\" class=\"wp-block-spacer\"><\/div>\n\n\n\n<hr class=\"wp-block-separator has-text-color has-custom-detail-1-color has-alpha-channel-opacity has-custom-detail-1-background-color has-background is-style-dots\"\/>\n\n\n\n<div style=\"height:50px\" aria-hidden=\"true\" class=\"wp-block-spacer\"><\/div>\n\n\n\n<ul class=\"wp-block-list\">\n<li class=\"has-large-font-size\" style=\"font-style:normal;font-weight:200\"><strong>Rituele opstellingen <br><\/strong>Zowel individueel als in een groep stel je \u00e9\u00e9n of meerdere ondersteunende krachten of bronnen op om een nieuwe beweging of verandering te cre\u00ebren, zodat je steeds dichter bij je eigen sprankel komt.<br><\/li>\n\n\n\n<li class=\"has-large-font-size\" style=\"font-style:normal;font-weight:200\"><strong>Chakrareading<\/strong><br>Het lezen van je chakra\u2019s om blokkades of onbalans te herkennen en te helen.<br><\/li>\n\n\n\n<li class=\"has-large-font-size\" style=\"font-style:normal;font-weight:200\"><strong>Smudgen<\/strong><br>Het reinigen van je energieveld met salie, een oude sjamanistische techniek.<br><\/li>\n\n\n\n<li class=\"has-large-font-size\" style=\"font-style:normal;font-weight:200\"><strong>Creatieve technieken<\/strong><br>Tekenen, schilderen, klei, en moodboards om onbewuste processen zichtbaar te maken.<br><\/li>\n\n\n\n<li class=\"has-large-font-size\" style=\"font-style:normal;font-weight:200\"><strong>Helende Sjamanistische reizen<br><\/strong>dit zijn geleide reizen om diepliggend trauma op te sporen en te helen  zodat je dichter bij je waarheid komt. Zo wordt je hart weer licht en sprankelend!<br><\/li>\n\n\n\n<li class=\"has-large-font-size\" style=\"font-style:normal;font-weight:200\"><strong>Soulretrieval<\/strong><br>Het ophalen van verloren zielsdelen, vaak veroorzaakt door trauma\u2019s, om je gevoel van volledigheid terug te krijgen.<\/li>\n<\/ul>\n\n\n\n<div style=\"height:25px\" aria-hidden=\"true\" class=\"wp-block-spacer\"><\/div>\n\n\n\n<p class=\"has-large-font-size\" style=\"font-style:normal;font-weight:200\">En zo zijn er nog andere methoden die ik naar behoefte inzet, waaronder meditatie, opstellingen, lichaamsgerichte technieken zoals dans, ademwerk en oeroude sjamanistische technieken zoals psychic doctoring.<\/p>\n\n\n\n<div style=\"height:50px\" aria-hidden=\"true\" class=\"wp-block-spacer\"><\/div>\n\n\n\n<div class=\"wp-block-buttons is-content-justification-center is-layout-flex wp-container-core-buttons-is-layout-a89b3969 wp-block-buttons-is-layout-flex\">\n<div class=\"wp-block-button has-custom-width wp-block-button__width-50\"><a class=\"wp-block-button__link has-custom-detail-1-color has-custom-achtergrond-3-background-color has-text-color has-background has-link-color wp-element-button\" href=\"https:\/\/zielsprankel.nl\/index.php\/aanbod\/\">Bekijk hier het aanbod<\/a><\/div>\n\n\n\n<div class=\"wp-block-button has-custom-width wp-block-button__width-50\"><a class=\"wp-block-button__link has-custom-detail-1-color has-custom-achtergrond-3-background-color has-text-color has-background has-link-color has-text-align-center wp-element-button\" href=\"https:\/\/zielsprankel.nl\/index.php\/medicijnwiel\/\">Lees meer over het medicijnwiel<\/a><\/div>\n<\/div>\n\n\n\n<p><\/p>\n","protected":false},"excerpt":{"rendered":"<p>Mijn aanpak is diepgaand, intu\u00eftief en afgestemd op jouw persoonlijke situatie. Het medicijnwiel vormt hierbij een belangrijk kompas: een levenswiel dat je uitnodigt om in contact te komen met je eigen natuur en innerlijke wijsheid. Vanuit dit fundament maak ik gebruik van verschillende methoden en technieken, afgestemd op wat jij nodig hebt. En zo zijn [&hellip;]<\/p>\n","protected":false},"author":1,"featured_media":0,"parent":0,"menu_order":0,"comment_status":"closed","ping_status":"closed","template":"","meta":{"footnotes":""},"class_list":["post-168","page","type-page","status-publish","hentry"],"_links":{"self":[{"href":"https:\/\/zielsprankel.nl\/index.php\/wp-json\/wp\/v2\/pages\/168","targetHints":{"allow":["GET"]}}],"collection":[{"href":"https:\/\/zielsprankel.nl\/index.php\/wp-json\/wp\/v2\/pages"}],"about":[{"href":"https:\/\/zielsprankel.nl\/index.php\/wp-json\/wp\/v2\/types\/page"}],"author":[{"embeddable":true,"href":"https:\/\/zielsprankel.nl\/index.php\/wp-json\/wp\/v2\/users\/1"}],"replies":[{"embeddable":true,"href":"https:\/\/zielsprankel.nl\/index.php\/wp-json\/wp\/v2\/comments?post=168"}],"version-history":[{"count":27,"href":"https:\/\/zielsprankel.nl\/index.php\/wp-json\/wp\/v2\/pages\/168\/revisions"}],"predecessor-version":[{"id":886,"href":"https:\/\/zielsprankel.nl\/index.php\/wp-json\/wp\/v2\/pages\/168\/revisions\/886"}],"wp:attachment":[{"href":"https:\/\/zielsprankel.nl\/index.php\/wp-json\/wp\/v2\/media?parent=168"}],"curies":[{"name":"wp","href":"https:\/\/api.w.org\/{rel}","templated":true}]}}