{"id":516,"date":"2025-10-20T13:01:11","date_gmt":"2025-10-20T11:01:11","guid":{"rendered":"https:\/\/zielsprankel.nl\/?page_id=516"},"modified":"2025-12-15T14:34:51","modified_gmt":"2025-12-15T12:34:51","slug":"individuele-trajecten","status":"publish","type":"page","link":"https:\/\/zielsprankel.nl\/index.php\/individuele-trajecten\/","title":{"rendered":"Individuele trajecten"},"content":{"rendered":"\n<figure data-wp-context=\"{&quot;imageId&quot;:&quot;69f7556167144&quot;}\" data-wp-interactive=\"core\/image\" data-wp-key=\"69f7556167144\" class=\"wp-block-image alignfull size-full has-custom-border is-style-rounded wp-lightbox-container\"><img loading=\"lazy\" decoding=\"async\" width=\"2560\" height=\"1536\" data-wp-class--hide=\"state.isContentHidden\" data-wp-class--show=\"state.isContentVisible\" data-wp-init=\"callbacks.setButtonStyles\" data-wp-on--click=\"actions.showLightbox\" data-wp-on--load=\"callbacks.setButtonStyles\" data-wp-on-window--resize=\"callbacks.setButtonStyles\" src=\"https:\/\/zielsprankel.nl\/wp-content\/uploads\/2025\/12\/trajecten-tekst-over-beeld-scaled.jpg\" alt=\"\" class=\"wp-image-841\" style=\"border-style:none;border-width:0px;border-top-left-radius:0px;border-top-right-radius:0px;border-bottom-left-radius:0px;border-bottom-right-radius:0px\" srcset=\"https:\/\/zielsprankel.nl\/wp-content\/uploads\/2025\/12\/trajecten-tekst-over-beeld-scaled.jpg 2560w, https:\/\/zielsprankel.nl\/wp-content\/uploads\/2025\/12\/trajecten-tekst-over-beeld-300x180.jpg 300w, https:\/\/zielsprankel.nl\/wp-content\/uploads\/2025\/12\/trajecten-tekst-over-beeld-1024x614.jpg 1024w, https:\/\/zielsprankel.nl\/wp-content\/uploads\/2025\/12\/trajecten-tekst-over-beeld-768x461.jpg 768w, https:\/\/zielsprankel.nl\/wp-content\/uploads\/2025\/12\/trajecten-tekst-over-beeld-1536x922.jpg 1536w, https:\/\/zielsprankel.nl\/wp-content\/uploads\/2025\/12\/trajecten-tekst-over-beeld-2048x1229.jpg 2048w\" sizes=\"auto, (max-width: 2560px) 100vw, 2560px\" \/><button\n\t\t\tclass=\"lightbox-trigger\"\n\t\t\ttype=\"button\"\n\t\t\taria-haspopup=\"dialog\"\n\t\t\taria-label=\"Vergroten\"\n\t\t\tdata-wp-init=\"callbacks.initTriggerButton\"\n\t\t\tdata-wp-on--click=\"actions.showLightbox\"\n\t\t\tdata-wp-style--right=\"state.imageButtonRight\"\n\t\t\tdata-wp-style--top=\"state.imageButtonTop\"\n\t\t>\n\t\t\t<svg xmlns=\"http:\/\/www.w3.org\/2000\/svg\" width=\"12\" height=\"12\" fill=\"none\" viewBox=\"0 0 12 12\">\n\t\t\t\t<path fill=\"#fff\" d=\"M2 0a2 2 0 0 0-2 2v2h1.5V2a.5.5 0 0 1 .5-.5h2V0H2Zm2 10.5H2a.5.5 0 0 1-.5-.5V8H0v2a2 2 0 0 0 2 2h2v-1.5ZM8 12v-1.5h2a.5.5 0 0 0 .5-.5V8H12v2a2 2 0 0 1-2 2H8Zm2-12a2 2 0 0 1 2 2v2h-1.5V2a.5.5 0 0 0-.5-.5H8V0h2Z\" \/>\n\t\t\t<\/svg>\n\t\t<\/button><\/figure>\n\n\n\n<div style=\"height:50px\" aria-hidden=\"true\" class=\"wp-block-spacer\"><\/div>\n\n\n\n<h1 class=\"wp-block-heading has-custom-detail-2-color has-text-color has-link-color wp-elements-6bd0a06fd47d7d2b99a28ce54300076d\">Individuele trajecten<\/h1>\n\n\n\n<ul class=\"wp-block-list\">\n<li id=\"diepe-heling\" class=\"has-custom-detail-2-color has-text-color has-link-color wp-elements-885e336e92e678d1e632539dd83f81d3\"><em><strong><a href=\"#diepe-heling\" data-type=\"internal\" data-id=\"#diepe-heling\">Traject voor diepe heling en transformatie<\/a><\/strong><\/em><\/li>\n\n\n\n<li class=\"has-custom-detail-2-color has-text-color has-link-color wp-elements-c2221d0a4b993e8581e1d05b9d762e0b\"><strong><a href=\"#traject-bewustwording\">Traject van bewustwording<\/a><\/strong><\/li>\n\n\n\n<li class=\"has-custom-detail-2-color has-text-color has-link-color wp-elements-080f6c9f46a50ccd425978ef7c6bf6fc\"><strong><a href=\"#traject-verbinding-relaties\" data-type=\"internal\" data-id=\"#traject-verbinding-relaties\">Traject voor verbinding in relaties<\/a><\/strong><\/li>\n\n\n\n<li class=\"has-custom-detail-2-color has-text-color has-link-color wp-elements-626f34e34ce8d187a8da48e3c130c715\"><strong><a href=\"#traject-medicijnwiel\" data-type=\"internal\" data-id=\"#traject-medicijnwiel\">Traject \u2013 Het medicijnwiel en jouw pad<\/a><\/strong><\/li>\n\n\n\n<li class=\"has-custom-detail-2-color has-text-color has-link-color wp-elements-5e05528ec2c72b82cc0ea1a0b2a65144\"><strong><a href=\"#traject-soulretrieval\">Traject \u2013 Soul Retrieval<\/a><\/strong><\/li>\n\n\n\n<li class=\"has-custom-detail-2-color has-text-color has-link-color wp-elements-a7613102c5718a9adbde2b8ce2f9a2bb\"><strong><a href=\"#rituele-persoonlijke-opstelling\">Rituele Persoonlijke Opstelling<\/a><\/strong><\/li>\n\n\n\n<li class=\"has-custom-detail-2-color has-text-color has-link-color wp-elements-669a67814c610174d93d07ca6b949786\"><strong><a href=\"#individuele-sessies\">Individuele sessies<\/a><\/strong><\/li>\n<\/ul>\n\n\n\n<div style=\"height:50px\" aria-hidden=\"true\" class=\"wp-block-spacer\"><\/div>\n\n\n\n<div class=\"wp-block-buttons alignfull is-content-justification-center is-layout-flex wp-container-core-buttons-is-layout-a89b3969 wp-block-buttons-is-layout-flex\">\n<div class=\"wp-block-button has-custom-width wp-block-button__width-75\"><a class=\"wp-block-button__link has-custom-detail-1-color has-custom-achtergrond-3-background-color has-text-color has-background has-link-color has-text-align-center wp-element-button\" href=\"http:\/\/contact\">Neem contact op om kennis te maken<\/a><\/div>\n<\/div>\n\n\n\n<div style=\"height:17px\" aria-hidden=\"true\" id=\"diepe-heling\" class=\"wp-block-spacer\"><\/div>\n\n\n\n<div style=\"height:50px\" aria-hidden=\"true\" class=\"wp-block-spacer\"><\/div>\n\n\n\n<h3 class=\"wp-block-heading has-taviraj-font-family has-x-large-font-size\"><em><strong>Traject voor diepe heling en transformatie<\/strong><\/em><\/h3>\n\n\n\n<p class=\"has-large-font-size\" style=\"font-style:normal;font-weight:200\">In dit traject van <strong>acht sessies<\/strong> (van 2 tot 2,5 uur) ga je op een innerlijke reis van heling, bewustwording en verbinding. Je krijgt inzicht in wat er werkelijk in je speelt, en leert hoe je deze inzichten kunt verweven in je dagelijkse leven. Stap voor stap kom je dichter bij jouw essentie \u2014 de plek waar rust, vertrouwen en levenskracht samenkomen. <\/p>\n\n\n\n<p class=\"has-large-font-size\" style=\"font-style:normal;font-weight:200\"><strong>Sessie 1 \u2013 De rode draad<\/strong><br>We onderzoeken wat er op dit moment in je leven speelt en wat jouw diepste verlangen is. Dit vormt het vertrekpunt van je reis.<br><br><strong>Sessie 2 \u2013 Chakrareading<\/strong><br>Je krijgt inzicht in de kern van wat je nog belemmert om jouw verlangen volledig te leven.<br><br><strong>Sessie 3 \u2013 Vertrouwen herstellen<\/strong><br>We brengen het vertrouwen terug in wie jij werkelijk bent, zodat je stevig kunt staan in je eigen energie.<br><br><strong>Sessie 4 \u2013 Lichaamsbewustzijn<\/strong><br>We onderzoeken waar in je lichaam nog spanning of blokkade aanwezig is en brengen daar beweging in.<br><br><strong>Sessie 5 \u2013 Leven vanuit nieuwe keuzes<\/strong><br>Je ontdekt hoe je oude patronen kunt doorbreken en leert hoe je nieuwe manieren van zijn kunt belichamen.<br><br><strong>Sessie 6 \u2013 Dieper naar de ziel<\/strong><br>Een verdieping waarin je contact maakt met je zielsniveau en oude lagen van bewustzijn mag loslaten.<br><br><strong>Sessie 7 \u2013 Verbinding met Moeder Aarde<\/strong><br>Je versterkt je relatie met de aarde en roept je krachtdier op \u2014 een bondgenoot op jouw pad van groei.<br><br><strong>Sessie 8 \u2013 Verbinding met de Bron<\/strong><br>We sluiten af met een helende reis of ademsessie waarin je je opent voor de verbinding met de Bron \u2014 de universele levensenergie waar alles uit voortkomt.<\/p>\n\n\n\n<p class=\"has-large-font-size\" style=\"font-style:normal;font-weight:200\">Dit traject nodigt je uit om te helen op alle lagen van je wezen \u2014 fysiek, emotioneel, mentaal en spiritueel \u2014 zodat je vanuit jouw oorspronkelijke kracht en helderheid verder kunt gaan.<br><br><em>Kosten: 1440 euro&nbsp;<\/em><\/p>\n\n\n\n<div style=\"height:17px\" aria-hidden=\"true\" id=\"traject-bewustwording\" class=\"wp-block-spacer\"><\/div>\n\n\n\n<p class=\"has-taviraj-font-family has-x-large-font-size\" style=\"font-style:italic;font-weight:600\"><strong>Traject van bewustwording<\/strong><\/p>\n\n\n\n<p class=\"has-large-font-size\" style=\"margin-top:0;margin-right:0;margin-bottom:0;margin-left:0;font-style:normal;font-weight:200\"><br>Een traject bestaat uit drie sessies van 1,5 uur, waarin je praktische tools ontvangt die je direct kunt toepassen in je dagelijks leven. Stap voor stap ga je op ontdekkingstocht naar wat er in jou leeft, waar je naar verlangt en wat je tegenhoudt om dit volledig te belichamen.<br><br><strong>Sessie 1 \u2013 De rode draad<\/strong><br>We verkennen wat er op dit moment in je leven speelt en waar je diep van binnen naar verlangt. Zo ontvouwt zich de rode draad van jouw proces.<br><br><strong>Sessie 2 \u2013 Chakrareading<\/strong><br>Je ontvangt inzicht in de onderliggende blokkades die jouw energie be\u00efnvloeden. Dit helpt je om te begrijpen waar jouw groei mogelijk is en wat er in beweging mag komen.<br><br><strong>Sessie 3 \u2013 Medicijnwielreading<\/strong><br>Met behulp van het medicijnwiel onderzoeken we wat het wiel je vertelt over jouw verlangen: waar het werkelijk over gaat, wat je nog tegenhoudt en welke eerste stap je mag zetten om je verlangen te leven.<br><br>Vanuit deze basis kun je, als je dat wenst, verdergaan met een verdiepend vervolgtraject om de inzichten nog meer te integreren in je dagelijks leven.<br><br><em>Kosten: 337,50 euro&nbsp;<\/em><\/p>\n\n\n\n<div style=\"height:17px\" aria-hidden=\"true\" id=\"traject-verbinding-relaties\" class=\"wp-block-spacer\"><\/div>\n\n\n\n<h3 class=\"wp-block-heading traject-relaties has-x-large-font-size\"><strong>Traject voor verbinding in relaties<\/strong><\/h3>\n\n\n\n<p class=\"has-large-font-size\" style=\"font-style:normal;font-weight:200\">In dit traject van <strong>drie sessies van 2 uur<\/strong> krijgen jullie samen meer inzicht in de dynamieken die tussen jullie spelen. Je leert beter bij jezelf te blijven, de ander met meer openheid te zien en ruimte te cre\u00ebren voor groei in jullie relatie.<br><br>Afhankelijk van jullie wens en vraag stem ik intu\u00eftief af welke werkwijze het meest helpend is \u2014 dit gebeurt steeds in overleg, zodat het traject echt bij jullie past.<br><br>Om dit traject te kunnen volgen, is het belangrijk dat je al cli\u00ebnt bij mij bent. Voor de partner is daarnaast \u00e9\u00e9n individuele sessie voorafgaand aan het traject noodzakelijk, zodat we vanuit een stevige basis samen verder kunnen werken.<br><br><em>Kosten: 675,00 euro<\/em><\/p>\n\n\n\n<div style=\"height:17px\" aria-hidden=\"true\" id=\"traject-medicijnwiel\" class=\"wp-block-spacer\"><\/div>\n\n\n\n<h3 class=\"wp-block-heading has-x-large-font-size\"><strong>Traject \u2013 Het medicijnwiel en jouw pad<\/strong><\/h3>\n\n\n\n<p class=\"has-large-font-size\" style=\"font-style:normal;font-weight:200\">In dit traject van <strong>vijf sessies<\/strong> (van 2 tot 2,5 uur) staat jouw persoonlijke vraag centraal. Vanuit dat uitgangspunt reizen we samen door de vier windrichtingen van het medicijnwiel \u2014 <strong>Oost, Zuid, West en Noord<\/strong> \u2014 elk met hun eigen energie, wijsheid en uitnodiging.<br><br>In elke sessie maak je kennis met de kracht van een richting en ontdek je hoe deze zich weerspiegelt in jouw leven. Zo ontvouwt zich stap voor stap een dieper inzicht in wie je bent, wat je beweegt en waar je naartoe wilt groeien.<br><br>De vijfde en laatste sessie is een <strong>integratiemoment<\/strong>, waarin je het wiel verbindt met jouw dagelijkse leven. Je krijgt zicht op hoe de beweging van het medicijnwiel jou kan ondersteunen om in balans, helderheid en verbinding te blijven op je eigen levenspad.<br><br><em>Kosten: 925 euro&nbsp;<\/em><\/p>\n\n\n\n<div style=\"height:17px\" aria-hidden=\"true\" id=\"traject-soulretrieval\" class=\"wp-block-spacer\"><\/div>\n\n\n\n<h3 class=\"wp-block-heading has-x-large-font-size\"><strong>Traject \u2013 Soul Retrieval<\/strong><\/h3>\n\n\n\n<p class=\"has-large-font-size\" style=\"font-style:normal;font-weight:200\">In dit traject van <strong>twee sessies<\/strong> (ongeveer 4 uur in totaal) ga je op een helende reis om verloren zielsdelen terug te halen \u2014 delen van jezelf die zich in de loop van je leven hebben afgesplitst door pijn, angst of verlies.<br><br>Door deze zielsdelen weer te verwelkomen, ontstaat er een dieper gevoel van <strong>heelheid en compleet-zijn<\/strong>. Je voelt je weer lichter, helderder en meer verbonden met jouw oorspronkelijke levensenergie.<br><br><strong>Sessie 1 \u2013 Verkennen van jouw verlangen<\/strong><br>We onderzoeken samen jouw vraag of verlangen en brengen helder in beeld waar de heling om vraagt.<br><br><strong>Sessie 2 \u2013 De Soul Retrieval<\/strong><br>Tijdens deze sessie reizen we naar de diepere lagen van je ziel om de verloren delen terug te halen en te integreren in jouw bewustzijn, zodat je weer volledig aanwezig kunt zijn in wie je werkelijk bent.<br><br><em>Kosten: 300 euro&nbsp;<\/em><\/p>\n\n\n\n<div style=\"height:17px\" aria-hidden=\"true\" id=\"rituele-persoonlijke-opstelling\" class=\"wp-block-spacer\"><\/div>\n\n\n\n<h3 class=\"wp-block-heading has-x-large-font-size\"><strong>Rituele Persoonlijke Opstelling<\/strong><\/h3>\n\n\n\n<p class=\"has-large-font-size\" style=\"font-style:normal;font-weight:200\">Een rituele persoonlijke opstelling biedt een helende ruimte waarin jouw vraag of verlangen centraal staat. Deze vorm combineert de kracht van systemisch werk met de wijsheid van ritueel en intentie.<br><br>Het traject bestaat uit <strong>\u00e9\u00e9n kennismakingsgesprek<\/strong> en <strong>\u00e9\u00e9n opstellingsdag<\/strong> van ongeveer 4 uur. Jij brengt de vraag of wens in, en nodigt \u2014 met mijn hulp indien gewenst \u2014 de representanten uit die jouw proces ondersteunen.<br><br>Tijdens de opstelling begeleid ik jou en de groep met zorg en aandacht, zodat wat gezien wil worden zich kan ontvouwen. Zo ontstaat inzicht, beweging en heling op diepere lagen van je bewustzijn.<br><br><em>Kosten: 250,00 euro &#8211; per representant + 25 euro <\/em><br><em>(vanaf 8 personen).<\/em><\/p>\n\n\n\n<div style=\"height:17px\" aria-hidden=\"true\" id=\"individuele-sessies\" class=\"wp-block-spacer\"><\/div>\n\n\n\n<h3 class=\"wp-block-heading has-x-large-font-size\"><strong>Individuele sessies<\/strong><\/h3>\n\n\n\n<p class=\"has-large-font-size\" style=\"font-style:normal;font-weight:200\">Individuele sessies zijn <strong>los te boeken<\/strong> na het afronden van een traject, of in overleg wanneer dat passend voelt.<br><br>Elke sessie duurt <strong>tussen de 2 en 2,5 uur<\/strong> en wordt volledig afgestemd op wat er op dat moment in jou leeft.<br><br><em>Kosten: 75,00 euro per uur<\/em><\/p>\n\n\n\n<div class=\"wp-block-buttons is-layout-flex wp-block-buttons-is-layout-flex\">\n<div class=\"wp-block-button has-custom-width wp-block-button__width-100\"><a class=\"wp-block-button__link has-custom-detail-1-color has-custom-achtergrond-3-background-color has-text-color has-background has-link-color wp-element-button\" href=\"https:\/\/zielsprankel.nl\/index.php\/343-2\/\">Neem contact op om kennis te maken<\/a><\/div>\n<\/div>\n\n\n\n<p><\/p>\n","protected":false},"excerpt":{"rendered":"<p>Individuele trajecten Traject voor diepe heling en transformatie In dit traject van acht sessies (van 2 tot 2,5 uur) ga je op een innerlijke reis van heling, bewustwording en verbinding. Je krijgt inzicht in wat er werkelijk in je speelt, en leert hoe je deze inzichten kunt verweven in je dagelijkse leven. Stap voor stap [&hellip;]<\/p>\n","protected":false},"author":1,"featured_media":0,"parent":0,"menu_order":0,"comment_status":"closed","ping_status":"closed","template":"","meta":{"footnotes":""},"class_list":["post-516","page","type-page","status-publish","hentry"],"_links":{"self":[{"href":"https:\/\/zielsprankel.nl\/index.php\/wp-json\/wp\/v2\/pages\/516","targetHints":{"allow":["GET"]}}],"collection":[{"href":"https:\/\/zielsprankel.nl\/index.php\/wp-json\/wp\/v2\/pages"}],"about":[{"href":"https:\/\/zielsprankel.nl\/index.php\/wp-json\/wp\/v2\/types\/page"}],"author":[{"embeddable":true,"href":"https:\/\/zielsprankel.nl\/index.php\/wp-json\/wp\/v2\/users\/1"}],"replies":[{"embeddable":true,"href":"https:\/\/zielsprankel.nl\/index.php\/wp-json\/wp\/v2\/comments?post=516"}],"version-history":[{"count":35,"href":"https:\/\/zielsprankel.nl\/index.php\/wp-json\/wp\/v2\/pages\/516\/revisions"}],"predecessor-version":[{"id":863,"href":"https:\/\/zielsprankel.nl\/index.php\/wp-json\/wp\/v2\/pages\/516\/revisions\/863"}],"wp:attachment":[{"href":"https:\/\/zielsprankel.nl\/index.php\/wp-json\/wp\/v2\/media?parent=516"}],"curies":[{"name":"wp","href":"https:\/\/api.w.org\/{rel}","templated":true}]}}